{"id":16312,"date":"2025-03-09T17:02:32","date_gmt":"2025-03-09T17:02:32","guid":{"rendered":"http:\/\/www.wemi-invest.com\/?page_id=16312"},"modified":"2025-03-13T19:52:15","modified_gmt":"2025-03-13T19:52:15","slug":"sponsoring","status":"publish","type":"page","link":"https:\/\/www.wemi-invest.com\/index.php\/sponsoring\/","title":{"rendered":"Sponsoring"},"content":{"rendered":"\t\t<div data-elementor-type=\"wp-page\" data-elementor-id=\"16312\" class=\"elementor elementor-16312\" data-elementor-post-type=\"page\">\n\t\t\t\t<div class=\"wd-negative-gap elementor-element elementor-element-ca6b849 wd-section-stretch-content e-flex e-con-boxed e-con e-parent\" data-id=\"ca6b849\" data-element_type=\"container\" data-settings=\"{&quot;background_background&quot;:&quot;classic&quot;}\">\n\t\t\t\t\t<div class=\"e-con-inner\">\n\t\t<div class=\"elementor-element elementor-element-d827601 e-con-full e-flex e-con e-child\" data-id=\"d827601\" data-element_type=\"container\">\n\t\t\t\t<div class=\"elementor-element elementor-element-9e27f76 elementor-widget elementor-widget-heading\" data-id=\"9e27f76\" data-element_type=\"widget\" data-widget_type=\"heading.default\">\n\t\t\t\t<div class=\"elementor-widget-container\">\n\t\t\t\t\t<h1 class=\"elementor-heading-title elementor-size-default\">WEMI Inwestycje \u2013<br>  inwestujemy w ludzi i ich marzenia<\/h1>\t\t\t\t<\/div>\n\t\t\t\t<\/div>\n\t\t\t\t<\/div>\n\t\t\t\t\t<\/div>\n\t\t\t\t<\/div>\n\t\t<div class=\"wd-negative-gap elementor-element elementor-element-88929a8 e-flex e-con-boxed e-con e-parent\" data-id=\"88929a8\" data-element_type=\"container\">\n\t\t\t\t\t<div class=\"e-con-inner\">\n\t\t<div class=\"elementor-element elementor-element-bc8a4fd e-con-full aa e-flex e-con e-child\" data-id=\"bc8a4fd\" data-element_type=\"container\" data-settings=\"{&quot;background_background&quot;:&quot;classic&quot;,&quot;position&quot;:&quot;absolute&quot;}\">\n\t\t\t\t<\/div>\n\t\t\t\t<div class=\"elementor-element elementor-element-af571f3 elementor-widget elementor-widget-html\" data-id=\"af571f3\" data-element_type=\"widget\" data-widget_type=\"html.default\">\n\t\t\t\t<div class=\"elementor-widget-container\">\n\t\t\t\t\t<script>\ndocument.addEventListener(\"DOMContentLoaded\", function () {\n    document.querySelector(\".aa\").addEventListener(\"click\", function () {\n        window.scrollTo({\n            top: document.body.scrollHeight,\n            behavior: \"smooth\"\n        });\n    });\n});\n<\/script>\t\t\t\t<\/div>\n\t\t\t\t<\/div>\n\t\t\t\t\t<\/div>\n\t\t\t\t<\/div>\n\t\t<div class=\"wd-negative-gap elementor-element elementor-element-aaece3d wd-section-stretch-content e-flex e-con-boxed e-con e-parent\" data-id=\"aaece3d\" data-element_type=\"container\">\n\t\t\t\t\t<div class=\"e-con-inner\">\n\t\t<div class=\"elementor-element elementor-element-819fc3b e-con-full e-flex e-con e-child\" data-id=\"819fc3b\" data-element_type=\"container\">\n\t\t\t\t<div class=\"elementor-element elementor-element-e79c62c elementor-widget elementor-widget-heading\" data-id=\"e79c62c\" data-element_type=\"widget\" data-widget_type=\"heading.default\">\n\t\t\t\t<div class=\"elementor-widget-container\">\n\t\t\t\t\t<h2 class=\"elementor-heading-title elementor-size-default\">Micha\u0142 Andryszak\n<\/h2>\t\t\t\t<\/div>\n\t\t\t\t<\/div>\n\t\t\t\t<div class=\"elementor-element elementor-element-87bb389 color-scheme-inherit text-left elementor-widget elementor-widget-text-editor\" data-id=\"87bb389\" data-element_type=\"widget\" data-widget_type=\"text-editor.default\">\n\t\t\t\t<div class=\"elementor-widget-container\">\n\t\t\t\t\t\t\t\t\tPseudonim: Longer <br>  \nPro MMA Rekord: 28-11-0, 1 NC (Wygrane-Przegrane-Remisy) <br>  \nObecna seria zwyci\u0119stw: 3 wygrane <br>  \nWiek: 32 | Data urodzenia: 12 kwietnia 1992 <br>  \nWzrost: 195 cm | Zasi\u0119g: 202 cm <br>  \nKategoria wagowa: Ci\u0119\u017cka | Ostatnie wa\u017cenie: 111,7 kg <br>  \nKlub: Ankos MMA Pozna\u0144 <br>  \nOstatnia walka: 15 lutego 2025 w FNC <br>  \nZarobki ujawnione w karierze: 2 000 USD <br>  \nUrodzony: Bydgoszcz, Polska <br>  \nMiejsce zamieszkania: Pozna\u0144, Polska <br>  \nG\u0142\u00f3wny trener: Andrzej Ko\u015bcielski <br>  \nInni trenerzy: N\/A <br>  \t\t\t\t\t\t\t\t<\/div>\n\t\t\t\t<\/div>\n\t\t\t\t<div class=\"elementor-element elementor-element-d5ff9ea elementor-align-center elementor-widget elementor-widget-button\" data-id=\"d5ff9ea\" data-element_type=\"widget\" data-widget_type=\"button.default\">\n\t\t\t\t<div class=\"elementor-widget-container\">\n\t\t\t\t\t\t\t\t\t<div class=\"elementor-button-wrapper\">\n\t\t\t\t\t<a class=\"elementor-button elementor-button-link elementor-size-sm\" href=\"https:\/\/www.tapology.com\/fightcenter\/fighters\/27738-michal-andryszak\">\n\t\t\t\t\t\t<span class=\"elementor-button-content-wrapper\">\n\t\t\t\t\t\t\t\t\t<span class=\"elementor-button-text\">WI\u0118CEJ INFO<\/span>\n\t\t\t\t\t<\/span>\n\t\t\t\t\t<\/a>\n\t\t\t\t<\/div>\n\t\t\t\t\t\t\t\t<\/div>\n\t\t\t\t<\/div>\n\t\t\t\t<\/div>\n\t\t<div class=\"elementor-element elementor-element-0735b89 e-con-full e-flex e-con e-child\" data-id=\"0735b89\" data-element_type=\"container\" data-settings=\"{&quot;background_background&quot;:&quot;classic&quot;}\">\n\t\t\t\t<\/div>\n\t\t\t\t\t<\/div>\n\t\t\t\t<\/div>\n\t\t<div class=\"wd-negative-gap elementor-element elementor-element-b7ad153 wd-section-stretch-content e-flex e-con-boxed e-con e-parent\" data-id=\"b7ad153\" data-element_type=\"container\">\n\t\t\t\t\t<div class=\"e-con-inner\">\n\t\t<div class=\"elementor-element elementor-element-8c569f3 e-con-full e-flex e-con e-child\" data-id=\"8c569f3\" data-element_type=\"container\" data-settings=\"{&quot;background_background&quot;:&quot;classic&quot;}\">\n\t\t\t\t<\/div>\n\t\t<div class=\"elementor-element elementor-element-b5363b1 e-con-full e-flex e-con e-child\" data-id=\"b5363b1\" data-element_type=\"container\">\n\t\t\t\t<div class=\"elementor-element elementor-element-24d39a3 elementor-widget elementor-widget-heading\" data-id=\"24d39a3\" data-element_type=\"widget\" data-widget_type=\"heading.default\">\n\t\t\t\t<div class=\"elementor-widget-container\">\n\t\t\t\t\t<h2 class=\"elementor-heading-title elementor-size-default\">WEMI Inwestycje z dum\u0105 wspiera m\u0142ode talenty oraz wydarzenia o mi\u0119dzynarodowym zasi\u0119gu. <br> Sponsorujemy:\n<\/h2>\t\t\t\t<\/div>\n\t\t\t\t<\/div>\n\t\t\t\t<div class=\"elementor-element elementor-element-5d9ea39 color-scheme-inherit text-left elementor-widget elementor-widget-text-editor\" data-id=\"5d9ea39\" data-element_type=\"widget\" data-widget_type=\"text-editor.default\">\n\t\t\t\t<div class=\"elementor-widget-container\">\n\t\t\t\t\t\t\t\t\t<p><b>Zawodnik\u00f3w MMA<\/b>: Jednym z naszych kluczowych partner\u00f3w jest Micha\u0142 \u201eLonger\u201d Andryszak \u2013 utalentowany i utytu\u0142owany zawodnik MMA, znany z imponuj\u0105cych osi\u0105gni\u0119\u0107 w klatce. Dzi\u0119ki wsparciu WEMI Inwestycje, Micha\u0142 ma mo\u017cliwo\u015b\u0107 udzia\u0142u w presti\u017cowych galach oraz dost\u0119p do najlepszych trening\u00f3w i sprz\u0119tu, co pozwala mu rozwija\u0107 swoje umiej\u0119tno\u015bci na arenie mi\u0119dzynarodowej. Nasze wsparcie obejmuje r\u00f3wnie\u017c promocj\u0119 jego kariery, organizacj\u0119 wydarze\u0144 oraz wsp\u00f3\u0142prac\u0119 w zakresie budowy wizerunku profesjonalnego sportowca.<\/p>\t\t\t\t\t\t\t\t<\/div>\n\t\t\t\t<\/div>\n\t\t\t\t<\/div>\n\t\t\t\t\t<\/div>\n\t\t\t\t<\/div>\n\t\t<div class=\"wd-negative-gap elementor-element elementor-element-a92b28f wd-section-stretch-content e-flex e-con-boxed e-con e-parent\" data-id=\"a92b28f\" data-element_type=\"container\">\n\t\t\t\t\t<div class=\"e-con-inner\">\n\t\t<div class=\"elementor-element elementor-element-568f89e e-con-full e-flex e-con e-child\" data-id=\"568f89e\" data-element_type=\"container\">\n\t\t\t\t<div class=\"elementor-element elementor-element-d523805 elementor-widget elementor-widget-heading\" data-id=\"d523805\" data-element_type=\"widget\" data-widget_type=\"heading.default\">\n\t\t\t\t<div class=\"elementor-widget-container\">\n\t\t\t\t\t<h2 class=\"elementor-heading-title elementor-size-default\">Wydarzenia mi\u0119dzynarodowe\n<\/h2>\t\t\t\t<\/div>\n\t\t\t\t<\/div>\n\t\t\t\t<div class=\"elementor-element elementor-element-b7aa786 color-scheme-inherit text-left elementor-widget elementor-widget-text-editor\" data-id=\"b7aa786\" data-element_type=\"widget\" data-widget_type=\"text-editor.default\">\n\t\t\t\t<div class=\"elementor-widget-container\">\n\t\t\t\t\t\t\t\t\t<p>21 czerwca 2025 roku jeste\u015bmy sponsorem koncertu Ronaldinho na Stadionie \u015al\u0105skim, kt\u00f3ry zgromadzi tysi\u0105ce fan\u00f3w z ca\u0142ego \u015bwiata i stanie si\u0119 platform\u0105 do promowania warto\u015bci sportowych i kulturowych.\u00a0<\/p><p>Dzi\u0119ki naszej dzia\u0142alno\u015bci sponsorskiej wspieramy pasj\u0119, determinacj\u0119 i rozw\u00f3j, tworz\u0105c przestrze\u0144 do osi\u0105gania sukces\u00f3w zar\u00f3wno na poziomie lokalnym, jak i globalnym. WEMI Inwestycje \u2013 inwestujemy w ludzi i ich marzenia.<\/p>\t\t\t\t\t\t\t\t<\/div>\n\t\t\t\t<\/div>\n\t\t\t\t<\/div>\n\t\t<div class=\"elementor-element elementor-element-9310fde e-con-full e-flex e-con e-child\" data-id=\"9310fde\" data-element_type=\"container\" data-settings=\"{&quot;background_background&quot;:&quot;classic&quot;}\">\n\t\t\t\t<\/div>\n\t\t\t\t\t<\/div>\n\t\t\t\t<\/div>\n\t\t<div class=\"wd-negative-gap elementor-element elementor-element-11176b8 e-flex e-con-boxed e-con e-parent\" data-id=\"11176b8\" data-element_type=\"container\">\n\t\t\t\t\t<div class=\"e-con-inner\">\n\t\t\t\t<div class=\"elementor-element elementor-element-7a3e2ef elementor-widget elementor-widget-video\" data-id=\"7a3e2ef\" data-element_type=\"widget\" data-settings=\"{&quot;youtube_url&quot;:&quot;https:\\\/\\\/www.youtube.com\\\/watch?v=o1diW_2W-cM&amp;t=5s&quot;,&quot;video_type&quot;:&quot;youtube&quot;,&quot;controls&quot;:&quot;yes&quot;}\" data-widget_type=\"video.default\">\n\t\t\t\t<div class=\"elementor-widget-container\">\n\t\t\t\t\t\t\t<div class=\"elementor-wrapper elementor-open-inline\">\n\t\t\t<div class=\"elementor-video\"><\/div>\t\t<\/div>\n\t\t\t\t\t\t<\/div>\n\t\t\t\t<\/div>\n\t\t\t\t\t<\/div>\n\t\t\t\t<\/div>\n\t\t<div class=\"wd-negative-gap elementor-element elementor-element-d66f970 wd-section-stretch-content e-flex e-con-boxed e-con e-parent\" data-id=\"d66f970\" data-element_type=\"container\" data-settings=\"{&quot;background_background&quot;:&quot;gradient&quot;}\">\n\t\t\t\t\t<div class=\"e-con-inner\">\n\t\t\t\t\t<\/div>\n\t\t\t\t<\/div>\n\t\t\t\t<\/div>\n\t\t","protected":false},"excerpt":{"rendered":"<p>WEMI Inwestycje \u2013 inwestujemy w ludzi i ich marzenia Micha\u0142 Andryszak Pseudonim: Longer Pro MMA Rekord: 28-11-0, 1 NC (Wygrane-Przegrane-Remisy)<\/p>\n","protected":false},"author":1,"featured_media":16480,"parent":0,"menu_order":0,"comment_status":"closed","ping_status":"closed","template":"","meta":{"footnotes":""},"class_list":["post-16312","page","type-page","status-publish","has-post-thumbnail","hentry"],"yoast_head":"<!-- This site is optimized with the Yoast SEO plugin v24.6 - https:\/\/yoast.com\/wordpress\/plugins\/seo\/ -->\n<title>WEMI INWESTYCJE \u2013 inwestujemy w ludzi i ich rozw\u00f3j<\/title>\n<meta name=\"description\" content=\"\ud83d\udca1 WEMI INWESTYCJE \u2013 inwestujemy w ludzi \ud83d\udc65 i ich rozw\u00f3j \ud83d\ude80, pomagaj\u0105c realizowa\u0107 marzenia \u2728 poprzez innowacyjne projekty.\" \/>\n<meta name=\"robots\" content=\"index, follow, max-snippet:-1, max-image-preview:large, max-video-preview:-1\" \/>\n<link rel=\"canonical\" href=\"https:\/\/www.wemi-invest.com\/index.php\/sponsoring\/\" \/>\n<meta property=\"og:locale\" content=\"uk_UA\" \/>\n<meta property=\"og:type\" content=\"article\" \/>\n<meta property=\"og:title\" content=\"WEMI INWESTYCJE \u2013 inwestujemy w ludzi i ich rozw\u00f3j\" \/>\n<meta property=\"og:description\" content=\"\ud83d\udca1 WEMI INWESTYCJE \u2013 inwestujemy w ludzi \ud83d\udc65 i ich rozw\u00f3j \ud83d\ude80, pomagaj\u0105c realizowa\u0107 marzenia \u2728 poprzez innowacyjne projekty.\" \/>\n<meta property=\"og:url\" content=\"https:\/\/www.wemi-invest.com\/index.php\/sponsoring\/\" \/>\n<meta property=\"og:site_name\" content=\"WEMI INWESTYCJE\" \/>\n<meta property=\"article:modified_time\" content=\"2025-03-13T19:52:15+00:00\" \/>\n<meta property=\"og:image\" content=\"https:\/\/www.wemi-invest.com\/wp-content\/uploads\/2025\/03\/k916df8g5l.jpg\" \/>\n\t<meta property=\"og:image:width\" content=\"600\" \/>\n\t<meta property=\"og:image:height\" content=\"400\" \/>\n\t<meta property=\"og:image:type\" content=\"image\/jpeg\" \/>\n<meta name=\"twitter:card\" content=\"summary_large_image\" \/>\n<meta name=\"twitter:label1\" content=\"\u041f\u0440\u0438\u0431\u043b. \u0447\u0430\u0441 \u0447\u0438\u0442\u0430\u043d\u043d\u044f\" \/>\n\t<meta name=\"twitter:data1\" content=\"2 \u0445\u0432\u0438\u043b\u0438\u043d\u0438\" \/>\n<script type=\"application\/ld+json\" class=\"yoast-schema-graph\">{\"@context\":\"https:\/\/schema.org\",\"@graph\":[{\"@type\":\"WebPage\",\"@id\":\"https:\/\/www.wemi-invest.com\/index.php\/sponsoring\/\",\"url\":\"https:\/\/www.wemi-invest.com\/index.php\/sponsoring\/\",\"name\":\"WEMI INWESTYCJE \u2013 inwestujemy w ludzi i ich rozw\u00f3j\",\"isPartOf\":{\"@id\":\"https:\/\/www.wemi-invest.com\/#website\"},\"primaryImageOfPage\":{\"@id\":\"https:\/\/www.wemi-invest.com\/index.php\/sponsoring\/#primaryimage\"},\"image\":{\"@id\":\"https:\/\/www.wemi-invest.com\/index.php\/sponsoring\/#primaryimage\"},\"thumbnailUrl\":\"https:\/\/www.wemi-invest.com\/wp-content\/uploads\/2025\/03\/k916df8g5l.jpg\",\"datePublished\":\"2025-03-09T17:02:32+00:00\",\"dateModified\":\"2025-03-13T19:52:15+00:00\",\"description\":\"\ud83d\udca1 WEMI INWESTYCJE \u2013 inwestujemy w ludzi \ud83d\udc65 i ich rozw\u00f3j \ud83d\ude80, pomagaj\u0105c realizowa\u0107 marzenia \u2728 poprzez innowacyjne projekty.\",\"breadcrumb\":{\"@id\":\"https:\/\/www.wemi-invest.com\/index.php\/sponsoring\/#breadcrumb\"},\"inLanguage\":\"uk\",\"potentialAction\":[{\"@type\":\"ReadAction\",\"target\":[\"https:\/\/www.wemi-invest.com\/index.php\/sponsoring\/\"]}]},{\"@type\":\"ImageObject\",\"inLanguage\":\"uk\",\"@id\":\"https:\/\/www.wemi-invest.com\/index.php\/sponsoring\/#primaryimage\",\"url\":\"https:\/\/www.wemi-invest.com\/wp-content\/uploads\/2025\/03\/k916df8g5l.jpg\",\"contentUrl\":\"https:\/\/www.wemi-invest.com\/wp-content\/uploads\/2025\/03\/k916df8g5l.jpg\",\"width\":600,\"height\":400},{\"@type\":\"BreadcrumbList\",\"@id\":\"https:\/\/www.wemi-invest.com\/index.php\/sponsoring\/#breadcrumb\",\"itemListElement\":[{\"@type\":\"ListItem\",\"position\":1,\"name\":\"Home\",\"item\":\"https:\/\/www.wemi-invest.com\/\"},{\"@type\":\"ListItem\",\"position\":2,\"name\":\"Sponsoring\"}]},{\"@type\":\"WebSite\",\"@id\":\"https:\/\/www.wemi-invest.com\/#website\",\"url\":\"https:\/\/www.wemi-invest.com\/\",\"name\":\"WEMI INWESTYCJE\",\"description\":\"\",\"publisher\":{\"@id\":\"https:\/\/www.wemi-invest.com\/#organization\"},\"potentialAction\":[{\"@type\":\"SearchAction\",\"target\":{\"@type\":\"EntryPoint\",\"urlTemplate\":\"https:\/\/www.wemi-invest.com\/?s={search_term_string}\"},\"query-input\":{\"@type\":\"PropertyValueSpecification\",\"valueRequired\":true,\"valueName\":\"search_term_string\"}}],\"inLanguage\":\"uk\"},{\"@type\":\"Organization\",\"@id\":\"https:\/\/www.wemi-invest.com\/#organization\",\"name\":\"WEMI INWESTYCJE\",\"alternateName\":\"WEMI\",\"url\":\"https:\/\/www.wemi-invest.com\/\",\"logo\":{\"@type\":\"ImageObject\",\"inLanguage\":\"uk\",\"@id\":\"https:\/\/www.wemi-invest.com\/#\/schema\/logo\/image\/\",\"url\":\"https:\/\/www.wemi-invest.com\/wp-content\/uploads\/2025\/03\/cropped-e1741695099925.png\",\"contentUrl\":\"https:\/\/www.wemi-invest.com\/wp-content\/uploads\/2025\/03\/cropped-e1741695099925.png\",\"width\":512,\"height\":512,\"caption\":\"WEMI INWESTYCJE\"},\"image\":{\"@id\":\"https:\/\/www.wemi-invest.com\/#\/schema\/logo\/image\/\"}}]}<\/script>\n<!-- \/ Yoast SEO plugin. -->","yoast_head_json":{"title":"WEMI INWESTYCJE \u2013 inwestujemy w ludzi i ich rozw\u00f3j","description":"\ud83d\udca1 WEMI INWESTYCJE \u2013 inwestujemy w ludzi \ud83d\udc65 i ich rozw\u00f3j \ud83d\ude80, pomagaj\u0105c realizowa\u0107 marzenia \u2728 poprzez innowacyjne projekty.","robots":{"index":"index","follow":"follow","max-snippet":"max-snippet:-1","max-image-preview":"max-image-preview:large","max-video-preview":"max-video-preview:-1"},"canonical":"https:\/\/www.wemi-invest.com\/index.php\/sponsoring\/","og_locale":"uk_UA","og_type":"article","og_title":"WEMI INWESTYCJE \u2013 inwestujemy w ludzi i ich rozw\u00f3j","og_description":"\ud83d\udca1 WEMI INWESTYCJE \u2013 inwestujemy w ludzi \ud83d\udc65 i ich rozw\u00f3j \ud83d\ude80, pomagaj\u0105c realizowa\u0107 marzenia \u2728 poprzez innowacyjne projekty.","og_url":"https:\/\/www.wemi-invest.com\/index.php\/sponsoring\/","og_site_name":"WEMI INWESTYCJE","article_modified_time":"2025-03-13T19:52:15+00:00","og_image":[{"width":600,"height":400,"url":"https:\/\/www.wemi-invest.com\/wp-content\/uploads\/2025\/03\/k916df8g5l.jpg","type":"image\/jpeg"}],"twitter_card":"summary_large_image","twitter_misc":{"\u041f\u0440\u0438\u0431\u043b. \u0447\u0430\u0441 \u0447\u0438\u0442\u0430\u043d\u043d\u044f":"2 \u0445\u0432\u0438\u043b\u0438\u043d\u0438"},"schema":{"@context":"https:\/\/schema.org","@graph":[{"@type":"WebPage","@id":"https:\/\/www.wemi-invest.com\/index.php\/sponsoring\/","url":"https:\/\/www.wemi-invest.com\/index.php\/sponsoring\/","name":"WEMI INWESTYCJE \u2013 inwestujemy w ludzi i ich rozw\u00f3j","isPartOf":{"@id":"https:\/\/www.wemi-invest.com\/#website"},"primaryImageOfPage":{"@id":"https:\/\/www.wemi-invest.com\/index.php\/sponsoring\/#primaryimage"},"image":{"@id":"https:\/\/www.wemi-invest.com\/index.php\/sponsoring\/#primaryimage"},"thumbnailUrl":"https:\/\/www.wemi-invest.com\/wp-content\/uploads\/2025\/03\/k916df8g5l.jpg","datePublished":"2025-03-09T17:02:32+00:00","dateModified":"2025-03-13T19:52:15+00:00","description":"\ud83d\udca1 WEMI INWESTYCJE \u2013 inwestujemy w ludzi \ud83d\udc65 i ich rozw\u00f3j \ud83d\ude80, pomagaj\u0105c realizowa\u0107 marzenia \u2728 poprzez innowacyjne projekty.","breadcrumb":{"@id":"https:\/\/www.wemi-invest.com\/index.php\/sponsoring\/#breadcrumb"},"inLanguage":"uk","potentialAction":[{"@type":"ReadAction","target":["https:\/\/www.wemi-invest.com\/index.php\/sponsoring\/"]}]},{"@type":"ImageObject","inLanguage":"uk","@id":"https:\/\/www.wemi-invest.com\/index.php\/sponsoring\/#primaryimage","url":"https:\/\/www.wemi-invest.com\/wp-content\/uploads\/2025\/03\/k916df8g5l.jpg","contentUrl":"https:\/\/www.wemi-invest.com\/wp-content\/uploads\/2025\/03\/k916df8g5l.jpg","width":600,"height":400},{"@type":"BreadcrumbList","@id":"https:\/\/www.wemi-invest.com\/index.php\/sponsoring\/#breadcrumb","itemListElement":[{"@type":"ListItem","position":1,"name":"Home","item":"https:\/\/www.wemi-invest.com\/"},{"@type":"ListItem","position":2,"name":"Sponsoring"}]},{"@type":"WebSite","@id":"https:\/\/www.wemi-invest.com\/#website","url":"https:\/\/www.wemi-invest.com\/","name":"WEMI INWESTYCJE","description":"","publisher":{"@id":"https:\/\/www.wemi-invest.com\/#organization"},"potentialAction":[{"@type":"SearchAction","target":{"@type":"EntryPoint","urlTemplate":"https:\/\/www.wemi-invest.com\/?s={search_term_string}"},"query-input":{"@type":"PropertyValueSpecification","valueRequired":true,"valueName":"search_term_string"}}],"inLanguage":"uk"},{"@type":"Organization","@id":"https:\/\/www.wemi-invest.com\/#organization","name":"WEMI INWESTYCJE","alternateName":"WEMI","url":"https:\/\/www.wemi-invest.com\/","logo":{"@type":"ImageObject","inLanguage":"uk","@id":"https:\/\/www.wemi-invest.com\/#\/schema\/logo\/image\/","url":"https:\/\/www.wemi-invest.com\/wp-content\/uploads\/2025\/03\/cropped-e1741695099925.png","contentUrl":"https:\/\/www.wemi-invest.com\/wp-content\/uploads\/2025\/03\/cropped-e1741695099925.png","width":512,"height":512,"caption":"WEMI INWESTYCJE"},"image":{"@id":"https:\/\/www.wemi-invest.com\/#\/schema\/logo\/image\/"}}]}},"_links":{"self":[{"href":"https:\/\/www.wemi-invest.com\/index.php\/wp-json\/wp\/v2\/pages\/16312","targetHints":{"allow":["GET"]}}],"collection":[{"href":"https:\/\/www.wemi-invest.com\/index.php\/wp-json\/wp\/v2\/pages"}],"about":[{"href":"https:\/\/www.wemi-invest.com\/index.php\/wp-json\/wp\/v2\/types\/page"}],"author":[{"embeddable":true,"href":"https:\/\/www.wemi-invest.com\/index.php\/wp-json\/wp\/v2\/users\/1"}],"replies":[{"embeddable":true,"href":"https:\/\/www.wemi-invest.com\/index.php\/wp-json\/wp\/v2\/comments?post=16312"}],"version-history":[{"count":64,"href":"https:\/\/www.wemi-invest.com\/index.php\/wp-json\/wp\/v2\/pages\/16312\/revisions"}],"predecessor-version":[{"id":16889,"href":"https:\/\/www.wemi-invest.com\/index.php\/wp-json\/wp\/v2\/pages\/16312\/revisions\/16889"}],"wp:featuredmedia":[{"embeddable":true,"href":"https:\/\/www.wemi-invest.com\/index.php\/wp-json\/wp\/v2\/media\/16480"}],"wp:attachment":[{"href":"https:\/\/www.wemi-invest.com\/index.php\/wp-json\/wp\/v2\/media?parent=16312"}],"curies":[{"name":"wp","href":"https:\/\/api.w.org\/{rel}","templated":true}]}}