{"id":15671,"date":"2025-03-07T13:29:34","date_gmt":"2025-03-07T13:29:34","guid":{"rendered":"http:\/\/www.wemi-invest.com\/?page_id=15671"},"modified":"2025-03-12T15:28:04","modified_gmt":"2025-03-12T15:28:04","slug":"investments-in-land-and-real-estate","status":"publish","type":"page","link":"https:\/\/www.wemi-invest.com\/index.php\/investments-in-land-and-real-estate\/","title":{"rendered":"Nieruchomo\u015bci"},"content":{"rendered":"\t\t<div data-elementor-type=\"wp-page\" data-elementor-id=\"15671\" class=\"elementor elementor-15671\" data-elementor-post-type=\"page\">\n\t\t\t\t<div class=\"wd-negative-gap elementor-element elementor-element-ca6b849 wd-section-stretch-content e-flex e-con-boxed e-con e-parent\" data-id=\"ca6b849\" data-element_type=\"container\" data-settings=\"{&quot;background_background&quot;:&quot;classic&quot;}\">\n\t\t\t\t\t<div class=\"e-con-inner\">\n\t\t<div class=\"elementor-element elementor-element-d827601 e-con-full e-flex e-con e-child\" data-id=\"d827601\" data-element_type=\"container\">\n\t\t\t\t<div class=\"elementor-element elementor-element-9e27f76 elementor-widget elementor-widget-heading\" data-id=\"9e27f76\" data-element_type=\"widget\" data-widget_type=\"heading.default\">\n\t\t\t\t<div class=\"elementor-widget-container\">\n\t\t\t\t\t<h1 class=\"elementor-heading-title elementor-size-default\">Zmieniamy przestrze\u0144 w zysk<\/h1>\t\t\t\t<\/div>\n\t\t\t\t<\/div>\n\t\t\t\t<\/div>\n\t\t\t\t\t<\/div>\n\t\t\t\t<\/div>\n\t\t<div class=\"wd-negative-gap elementor-element elementor-element-8aeca66 e-flex e-con-boxed e-con e-parent\" data-id=\"8aeca66\" data-element_type=\"container\">\n\t\t\t\t\t<div class=\"e-con-inner\">\n\t\t<div class=\"elementor-element elementor-element-6026149 e-con-full aa e-flex e-con e-child\" data-id=\"6026149\" data-element_type=\"container\" data-settings=\"{&quot;background_background&quot;:&quot;classic&quot;,&quot;position&quot;:&quot;absolute&quot;}\">\n\t\t\t\t<\/div>\n\t\t\t\t<div class=\"elementor-element elementor-element-72cabd3 elementor-widget elementor-widget-html\" data-id=\"72cabd3\" data-element_type=\"widget\" data-widget_type=\"html.default\">\n\t\t\t\t<div class=\"elementor-widget-container\">\n\t\t\t\t\t<script>\ndocument.addEventListener(\"DOMContentLoaded\", function () {\n    document.querySelector(\".aa\").addEventListener(\"click\", function () {\n        window.scrollTo({\n            top: document.body.scrollHeight,\n            behavior: \"smooth\"\n        });\n    });\n});\n<\/script>\t\t\t\t<\/div>\n\t\t\t\t<\/div>\n\t\t\t\t\t<\/div>\n\t\t\t\t<\/div>\n\t\t<div class=\"wd-negative-gap elementor-element elementor-element-90e2174 wd-section-stretch-content e-flex e-con-boxed e-con e-parent\" data-id=\"90e2174\" data-element_type=\"container\">\n\t\t\t\t\t<div class=\"e-con-inner\">\n\t\t<div class=\"elementor-element elementor-element-1b82f21 e-con-full e-flex e-con e-child\" data-id=\"1b82f21\" data-element_type=\"container\">\n\t\t\t\t<div class=\"elementor-element elementor-element-df1179a color-scheme-inherit text-left elementor-widget elementor-widget-text-editor\" data-id=\"df1179a\" data-element_type=\"widget\" data-widget_type=\"text-editor.default\">\n\t\t\t\t<div class=\"elementor-widget-container\">\n\t\t\t\t\t\t\t\t\t<p>Rozw\u00f3j projekt\u00f3w inwestycyjnych w obszarze nieruchomo\u015bci to klucz do budowania warto\u015bci.<\/p><p>WEMI INWESTYCJE dzia\u0142a na rynku:<\/p>\t\t\t\t\t\t\t\t<\/div>\n\t\t\t\t<\/div>\n\t\t\t\t<\/div>\n\t\t\t\t\t<\/div>\n\t\t\t\t<\/div>\n\t\t<div class=\"wd-negative-gap elementor-element elementor-element-7dde286 wd-section-stretch-content e-flex e-con-boxed e-con e-parent\" data-id=\"7dde286\" data-element_type=\"container\">\n\t\t\t\t\t<div class=\"e-con-inner\">\n\t\t<div class=\"elementor-element elementor-element-33935a3 e-con-full e-flex e-con e-child\" data-id=\"33935a3\" data-element_type=\"container\" data-settings=\"{&quot;background_background&quot;:&quot;classic&quot;}\">\n\t\t\t\t<\/div>\n\t\t<div class=\"elementor-element elementor-element-08070c8 e-con-full e-flex e-con e-child\" data-id=\"08070c8\" data-element_type=\"container\">\n\t\t\t\t<div class=\"elementor-element elementor-element-47c1ccf elementor-widget elementor-widget-heading\" data-id=\"47c1ccf\" data-element_type=\"widget\" data-widget_type=\"heading.default\">\n\t\t\t\t<div class=\"elementor-widget-container\">\n\t\t\t\t\t<h2 class=\"elementor-heading-title elementor-size-default\">Nieruchomo\u015bci komercyjnych:<br> biurowce, centra handlowe.<\/h2>\t\t\t\t<\/div>\n\t\t\t\t<\/div>\n\t\t\t\t<\/div>\n\t\t\t\t\t<\/div>\n\t\t\t\t<\/div>\n\t\t<div class=\"wd-negative-gap elementor-element elementor-element-647b369 wd-section-stretch-content e-flex e-con-boxed e-con e-parent\" data-id=\"647b369\" data-element_type=\"container\">\n\t\t\t\t\t<div class=\"e-con-inner\">\n\t\t<div class=\"elementor-element elementor-element-14a5a49 e-con-full e-flex e-con e-child\" data-id=\"14a5a49\" data-element_type=\"container\">\n\t\t\t\t<div class=\"elementor-element elementor-element-2564901 elementor-widget elementor-widget-heading\" data-id=\"2564901\" data-element_type=\"widget\" data-widget_type=\"heading.default\">\n\t\t\t\t<div class=\"elementor-widget-container\">\n\t\t\t\t\t<h2 class=\"elementor-heading-title elementor-size-default\">Inwestycji mieszkaniowych:<br> nowoczesne osiedla.<\/h2>\t\t\t\t<\/div>\n\t\t\t\t<\/div>\n\t\t\t\t<\/div>\n\t\t<div class=\"elementor-element elementor-element-3b874be e-con-full e-flex e-con e-child\" data-id=\"3b874be\" data-element_type=\"container\" data-settings=\"{&quot;background_background&quot;:&quot;classic&quot;}\">\n\t\t\t\t<\/div>\n\t\t\t\t\t<\/div>\n\t\t\t\t<\/div>\n\t\t<div class=\"wd-negative-gap elementor-element elementor-element-9e6908f wd-section-stretch-content e-flex e-con-boxed e-con e-parent\" data-id=\"9e6908f\" data-element_type=\"container\">\n\t\t\t\t\t<div class=\"e-con-inner\">\n\t\t<div class=\"elementor-element elementor-element-17f91de e-con-full e-flex e-con e-child\" data-id=\"17f91de\" data-element_type=\"container\" data-settings=\"{&quot;background_background&quot;:&quot;classic&quot;}\">\n\t\t\t\t<\/div>\n\t\t<div class=\"elementor-element elementor-element-fd1b24e e-con-full e-flex e-con e-child\" data-id=\"fd1b24e\" data-element_type=\"container\">\n\t\t\t\t<div class=\"elementor-element elementor-element-3e1683a elementor-widget elementor-widget-heading\" data-id=\"3e1683a\" data-element_type=\"widget\" data-widget_type=\"heading.default\">\n\t\t\t\t<div class=\"elementor-widget-container\">\n\t\t\t\t\t<h2 class=\"elementor-heading-title elementor-size-default\">Grunt\u00f3w inwestycyjnych:<br> zakup, podzia\u0142, zagospodarowanie.<\/h2>\t\t\t\t<\/div>\n\t\t\t\t<\/div>\n\t\t\t\t<\/div>\n\t\t\t\t\t<\/div>\n\t\t\t\t<\/div>\n\t\t<div class=\"wd-negative-gap elementor-element elementor-element-d66f970 wd-section-stretch-content e-flex e-con-boxed e-con e-parent\" data-id=\"d66f970\" data-element_type=\"container\" data-settings=\"{&quot;background_background&quot;:&quot;gradient&quot;}\">\n\t\t\t\t\t<div class=\"e-con-inner\">\n\t\t\t\t\t<\/div>\n\t\t\t\t<\/div>\n\t\t\t\t<\/div>\n\t\t","protected":false},"excerpt":{"rendered":"<p>Zmieniamy przestrze\u0144 w zysk Rozw\u00f3j projekt\u00f3w inwestycyjnych w obszarze nieruchomo\u015bci to klucz do budowania warto\u015bci. WEMI INWESTYCJE dzia\u0142a na rynku:<\/p>\n","protected":false},"author":1,"featured_media":15809,"parent":0,"menu_order":0,"comment_status":"closed","ping_status":"closed","template":"","meta":{"footnotes":""},"class_list":["post-15671","page","type-page","status-publish","has-post-thumbnail","hentry"],"yoast_head":"<!-- This site is optimized with the Yoast SEO plugin v24.6 - https:\/\/yoast.com\/wordpress\/plugins\/seo\/ -->\n<title>Zmieniamy przestrze\u0144 w zysk \u2013 inwestycje w nieruchomo\u015bci<\/title>\n<meta name=\"description\" content=\"Rozw\u00f3j inwestycji w nieruchomo\u015bci \ud83c\udfe2 to klucz do budowania warto\u015bci \ud83d\udcb0. Zmieniamy przestrze\u0144 w zysk \u2013 realizujemy innowacyjne projekty.\" \/>\n<meta name=\"robots\" content=\"index, follow, max-snippet:-1, max-image-preview:large, max-video-preview:-1\" \/>\n<link rel=\"canonical\" href=\"https:\/\/www.wemi-invest.com\/index.php\/investments-in-land-and-real-estate\/\" \/>\n<meta property=\"og:locale\" content=\"uk_UA\" \/>\n<meta property=\"og:type\" content=\"article\" \/>\n<meta property=\"og:title\" content=\"Zmieniamy przestrze\u0144 w zysk \u2013 inwestycje w nieruchomo\u015bci\" \/>\n<meta property=\"og:description\" content=\"Rozw\u00f3j inwestycji w nieruchomo\u015bci \ud83c\udfe2 to klucz do budowania warto\u015bci \ud83d\udcb0. Zmieniamy przestrze\u0144 w zysk \u2013 realizujemy innowacyjne projekty.\" \/>\n<meta property=\"og:url\" content=\"https:\/\/www.wemi-invest.com\/index.php\/investments-in-land-and-real-estate\/\" \/>\n<meta property=\"og:site_name\" content=\"WEMI INWESTYCJE\" \/>\n<meta property=\"article:modified_time\" content=\"2025-03-12T15:28:04+00:00\" \/>\n<meta property=\"og:image\" content=\"https:\/\/www.wemi-invest.com\/wp-content\/uploads\/2025\/03\/11.jpg\" \/>\n\t<meta property=\"og:image:width\" content=\"1280\" \/>\n\t<meta property=\"og:image:height\" content=\"853\" \/>\n\t<meta property=\"og:image:type\" content=\"image\/jpeg\" \/>\n<meta name=\"twitter:card\" content=\"summary_large_image\" \/>\n<meta name=\"twitter:label1\" content=\"\u041f\u0440\u0438\u0431\u043b. \u0447\u0430\u0441 \u0447\u0438\u0442\u0430\u043d\u043d\u044f\" \/>\n\t<meta name=\"twitter:data1\" content=\"1 \u0445\u0432\u0438\u043b\u0438\u043d\u0430\" \/>\n<script type=\"application\/ld+json\" class=\"yoast-schema-graph\">{\"@context\":\"https:\/\/schema.org\",\"@graph\":[{\"@type\":\"WebPage\",\"@id\":\"https:\/\/www.wemi-invest.com\/index.php\/investments-in-land-and-real-estate\/\",\"url\":\"https:\/\/www.wemi-invest.com\/index.php\/investments-in-land-and-real-estate\/\",\"name\":\"Zmieniamy przestrze\u0144 w zysk \u2013 inwestycje w nieruchomo\u015bci\",\"isPartOf\":{\"@id\":\"https:\/\/www.wemi-invest.com\/#website\"},\"primaryImageOfPage\":{\"@id\":\"https:\/\/www.wemi-invest.com\/index.php\/investments-in-land-and-real-estate\/#primaryimage\"},\"image\":{\"@id\":\"https:\/\/www.wemi-invest.com\/index.php\/investments-in-land-and-real-estate\/#primaryimage\"},\"thumbnailUrl\":\"https:\/\/www.wemi-invest.com\/wp-content\/uploads\/2025\/03\/11.jpg\",\"datePublished\":\"2025-03-07T13:29:34+00:00\",\"dateModified\":\"2025-03-12T15:28:04+00:00\",\"description\":\"Rozw\u00f3j inwestycji w nieruchomo\u015bci \ud83c\udfe2 to klucz do budowania warto\u015bci \ud83d\udcb0. Zmieniamy przestrze\u0144 w zysk \u2013 realizujemy innowacyjne projekty.\",\"breadcrumb\":{\"@id\":\"https:\/\/www.wemi-invest.com\/index.php\/investments-in-land-and-real-estate\/#breadcrumb\"},\"inLanguage\":\"uk\",\"potentialAction\":[{\"@type\":\"ReadAction\",\"target\":[\"https:\/\/www.wemi-invest.com\/index.php\/investments-in-land-and-real-estate\/\"]}]},{\"@type\":\"ImageObject\",\"inLanguage\":\"uk\",\"@id\":\"https:\/\/www.wemi-invest.com\/index.php\/investments-in-land-and-real-estate\/#primaryimage\",\"url\":\"https:\/\/www.wemi-invest.com\/wp-content\/uploads\/2025\/03\/11.jpg\",\"contentUrl\":\"https:\/\/www.wemi-invest.com\/wp-content\/uploads\/2025\/03\/11.jpg\",\"width\":1280,\"height\":853},{\"@type\":\"BreadcrumbList\",\"@id\":\"https:\/\/www.wemi-invest.com\/index.php\/investments-in-land-and-real-estate\/#breadcrumb\",\"itemListElement\":[{\"@type\":\"ListItem\",\"position\":1,\"name\":\"Home\",\"item\":\"https:\/\/www.wemi-invest.com\/\"},{\"@type\":\"ListItem\",\"position\":2,\"name\":\"Nieruchomo\u015bci\"}]},{\"@type\":\"WebSite\",\"@id\":\"https:\/\/www.wemi-invest.com\/#website\",\"url\":\"https:\/\/www.wemi-invest.com\/\",\"name\":\"WEMI INWESTYCJE\",\"description\":\"\",\"publisher\":{\"@id\":\"https:\/\/www.wemi-invest.com\/#organization\"},\"potentialAction\":[{\"@type\":\"SearchAction\",\"target\":{\"@type\":\"EntryPoint\",\"urlTemplate\":\"https:\/\/www.wemi-invest.com\/?s={search_term_string}\"},\"query-input\":{\"@type\":\"PropertyValueSpecification\",\"valueRequired\":true,\"valueName\":\"search_term_string\"}}],\"inLanguage\":\"uk\"},{\"@type\":\"Organization\",\"@id\":\"https:\/\/www.wemi-invest.com\/#organization\",\"name\":\"WEMI INWESTYCJE\",\"alternateName\":\"WEMI\",\"url\":\"https:\/\/www.wemi-invest.com\/\",\"logo\":{\"@type\":\"ImageObject\",\"inLanguage\":\"uk\",\"@id\":\"https:\/\/www.wemi-invest.com\/#\/schema\/logo\/image\/\",\"url\":\"https:\/\/www.wemi-invest.com\/wp-content\/uploads\/2025\/03\/cropped-e1741695099925.png\",\"contentUrl\":\"https:\/\/www.wemi-invest.com\/wp-content\/uploads\/2025\/03\/cropped-e1741695099925.png\",\"width\":512,\"height\":512,\"caption\":\"WEMI INWESTYCJE\"},\"image\":{\"@id\":\"https:\/\/www.wemi-invest.com\/#\/schema\/logo\/image\/\"}}]}<\/script>\n<!-- \/ Yoast SEO plugin. -->","yoast_head_json":{"title":"Zmieniamy przestrze\u0144 w zysk \u2013 inwestycje w nieruchomo\u015bci","description":"Rozw\u00f3j inwestycji w nieruchomo\u015bci \ud83c\udfe2 to klucz do budowania warto\u015bci \ud83d\udcb0. Zmieniamy przestrze\u0144 w zysk \u2013 realizujemy innowacyjne projekty.","robots":{"index":"index","follow":"follow","max-snippet":"max-snippet:-1","max-image-preview":"max-image-preview:large","max-video-preview":"max-video-preview:-1"},"canonical":"https:\/\/www.wemi-invest.com\/index.php\/investments-in-land-and-real-estate\/","og_locale":"uk_UA","og_type":"article","og_title":"Zmieniamy przestrze\u0144 w zysk \u2013 inwestycje w nieruchomo\u015bci","og_description":"Rozw\u00f3j inwestycji w nieruchomo\u015bci \ud83c\udfe2 to klucz do budowania warto\u015bci \ud83d\udcb0. Zmieniamy przestrze\u0144 w zysk \u2013 realizujemy innowacyjne projekty.","og_url":"https:\/\/www.wemi-invest.com\/index.php\/investments-in-land-and-real-estate\/","og_site_name":"WEMI INWESTYCJE","article_modified_time":"2025-03-12T15:28:04+00:00","og_image":[{"width":1280,"height":853,"url":"https:\/\/www.wemi-invest.com\/wp-content\/uploads\/2025\/03\/11.jpg","type":"image\/jpeg"}],"twitter_card":"summary_large_image","twitter_misc":{"\u041f\u0440\u0438\u0431\u043b. \u0447\u0430\u0441 \u0447\u0438\u0442\u0430\u043d\u043d\u044f":"1 \u0445\u0432\u0438\u043b\u0438\u043d\u0430"},"schema":{"@context":"https:\/\/schema.org","@graph":[{"@type":"WebPage","@id":"https:\/\/www.wemi-invest.com\/index.php\/investments-in-land-and-real-estate\/","url":"https:\/\/www.wemi-invest.com\/index.php\/investments-in-land-and-real-estate\/","name":"Zmieniamy przestrze\u0144 w zysk \u2013 inwestycje w nieruchomo\u015bci","isPartOf":{"@id":"https:\/\/www.wemi-invest.com\/#website"},"primaryImageOfPage":{"@id":"https:\/\/www.wemi-invest.com\/index.php\/investments-in-land-and-real-estate\/#primaryimage"},"image":{"@id":"https:\/\/www.wemi-invest.com\/index.php\/investments-in-land-and-real-estate\/#primaryimage"},"thumbnailUrl":"https:\/\/www.wemi-invest.com\/wp-content\/uploads\/2025\/03\/11.jpg","datePublished":"2025-03-07T13:29:34+00:00","dateModified":"2025-03-12T15:28:04+00:00","description":"Rozw\u00f3j inwestycji w nieruchomo\u015bci \ud83c\udfe2 to klucz do budowania warto\u015bci \ud83d\udcb0. Zmieniamy przestrze\u0144 w zysk \u2013 realizujemy innowacyjne projekty.","breadcrumb":{"@id":"https:\/\/www.wemi-invest.com\/index.php\/investments-in-land-and-real-estate\/#breadcrumb"},"inLanguage":"uk","potentialAction":[{"@type":"ReadAction","target":["https:\/\/www.wemi-invest.com\/index.php\/investments-in-land-and-real-estate\/"]}]},{"@type":"ImageObject","inLanguage":"uk","@id":"https:\/\/www.wemi-invest.com\/index.php\/investments-in-land-and-real-estate\/#primaryimage","url":"https:\/\/www.wemi-invest.com\/wp-content\/uploads\/2025\/03\/11.jpg","contentUrl":"https:\/\/www.wemi-invest.com\/wp-content\/uploads\/2025\/03\/11.jpg","width":1280,"height":853},{"@type":"BreadcrumbList","@id":"https:\/\/www.wemi-invest.com\/index.php\/investments-in-land-and-real-estate\/#breadcrumb","itemListElement":[{"@type":"ListItem","position":1,"name":"Home","item":"https:\/\/www.wemi-invest.com\/"},{"@type":"ListItem","position":2,"name":"Nieruchomo\u015bci"}]},{"@type":"WebSite","@id":"https:\/\/www.wemi-invest.com\/#website","url":"https:\/\/www.wemi-invest.com\/","name":"WEMI INWESTYCJE","description":"","publisher":{"@id":"https:\/\/www.wemi-invest.com\/#organization"},"potentialAction":[{"@type":"SearchAction","target":{"@type":"EntryPoint","urlTemplate":"https:\/\/www.wemi-invest.com\/?s={search_term_string}"},"query-input":{"@type":"PropertyValueSpecification","valueRequired":true,"valueName":"search_term_string"}}],"inLanguage":"uk"},{"@type":"Organization","@id":"https:\/\/www.wemi-invest.com\/#organization","name":"WEMI INWESTYCJE","alternateName":"WEMI","url":"https:\/\/www.wemi-invest.com\/","logo":{"@type":"ImageObject","inLanguage":"uk","@id":"https:\/\/www.wemi-invest.com\/#\/schema\/logo\/image\/","url":"https:\/\/www.wemi-invest.com\/wp-content\/uploads\/2025\/03\/cropped-e1741695099925.png","contentUrl":"https:\/\/www.wemi-invest.com\/wp-content\/uploads\/2025\/03\/cropped-e1741695099925.png","width":512,"height":512,"caption":"WEMI INWESTYCJE"},"image":{"@id":"https:\/\/www.wemi-invest.com\/#\/schema\/logo\/image\/"}}]}},"_links":{"self":[{"href":"https:\/\/www.wemi-invest.com\/index.php\/wp-json\/wp\/v2\/pages\/15671","targetHints":{"allow":["GET"]}}],"collection":[{"href":"https:\/\/www.wemi-invest.com\/index.php\/wp-json\/wp\/v2\/pages"}],"about":[{"href":"https:\/\/www.wemi-invest.com\/index.php\/wp-json\/wp\/v2\/types\/page"}],"author":[{"embeddable":true,"href":"https:\/\/www.wemi-invest.com\/index.php\/wp-json\/wp\/v2\/users\/1"}],"replies":[{"embeddable":true,"href":"https:\/\/www.wemi-invest.com\/index.php\/wp-json\/wp\/v2\/comments?post=15671"}],"version-history":[{"count":104,"href":"https:\/\/www.wemi-invest.com\/index.php\/wp-json\/wp\/v2\/pages\/15671\/revisions"}],"predecessor-version":[{"id":16570,"href":"https:\/\/www.wemi-invest.com\/index.php\/wp-json\/wp\/v2\/pages\/15671\/revisions\/16570"}],"wp:featuredmedia":[{"embeddable":true,"href":"https:\/\/www.wemi-invest.com\/index.php\/wp-json\/wp\/v2\/media\/15809"}],"wp:attachment":[{"href":"https:\/\/www.wemi-invest.com\/index.php\/wp-json\/wp\/v2\/media?parent=15671"}],"curies":[{"name":"wp","href":"https:\/\/api.w.org\/{rel}","templated":true}]}}